{"id":2103,"date":"2023-09-06T14:07:30","date_gmt":"2023-09-06T14:07:30","guid":{"rendered":"https:\/\/demosites.royal-elementor-addons.com\/solar-energy-v1\/?page_id=9"},"modified":"2024-07-05T21:29:50","modified_gmt":"2024-07-05T21:29:50","slug":"sobre-nos","status":"publish","type":"page","link":"https:\/\/bonanzams.com.br\/index.php\/sobre-nos\/","title":{"rendered":"Sobre n\u00f3s"},"content":{"rendered":"\t\t<div data-elementor-type=\"wp-page\" data-elementor-id=\"2103\" class=\"elementor elementor-2103\">\n\t\t\t\t\t\t\t\t\t<section class=\"elementor-section elementor-top-section elementor-element elementor-element-5170393 elementor-section-boxed elementor-section-height-default elementor-section-height-default wpr-particle-no wpr-jarallax-no wpr-parallax-no wpr-sticky-section-no\" data-id=\"5170393\" data-element_type=\"section\" data-settings=\"{&quot;background_background&quot;:&quot;classic&quot;}\">\n\t\t\t\t\t\t\t<div class=\"elementor-background-overlay\"><\/div>\n\t\t\t\t\t\t\t<div class=\"elementor-container elementor-column-gap-default\">\n\t\t\t\t\t<div class=\"elementor-column elementor-col-100 elementor-top-column elementor-element elementor-element-c53ab0d\" data-id=\"c53ab0d\" data-element_type=\"column\">\n\t\t\t<div class=\"elementor-widget-wrap elementor-element-populated\">\n\t\t\t\t\t\t\t\t<div class=\"elementor-element elementor-element-b709dc4 elementor-widget elementor-widget-heading\" data-id=\"b709dc4\" data-element_type=\"widget\" data-widget_type=\"heading.default\">\n\t\t\t\t<div class=\"elementor-widget-container\">\n\t\t\t<style>\/*! elementor - v3.13.2 - 11-05-2023 *\/\n.elementor-heading-title{padding:0;margin:0;line-height:1}.elementor-widget-heading .elementor-heading-title[class*=elementor-size-]>a{color:inherit;font-size:inherit;line-height:inherit}.elementor-widget-heading .elementor-heading-title.elementor-size-small{font-size:15px}.elementor-widget-heading .elementor-heading-title.elementor-size-medium{font-size:19px}.elementor-widget-heading .elementor-heading-title.elementor-size-large{font-size:29px}.elementor-widget-heading .elementor-heading-title.elementor-size-xl{font-size:39px}.elementor-widget-heading .elementor-heading-title.elementor-size-xxl{font-size:59px}<\/style><h2 class=\"elementor-heading-title elementor-size-default\">Sobre n\u00f3s<\/h2>\t\t<\/div>\n\t\t\t\t<\/div>\n\t\t\t\t<div class=\"elementor-element elementor-element-6971f64 elementor-widget elementor-widget-text-editor\" data-id=\"6971f64\" data-element_type=\"widget\" data-widget_type=\"text-editor.default\">\n\t\t\t\t<div class=\"elementor-widget-container\">\n\t\t\t<style>\/*! elementor - v3.13.2 - 11-05-2023 *\/\n.elementor-widget-text-editor.elementor-drop-cap-view-stacked .elementor-drop-cap{background-color:#69727d;color:#fff}.elementor-widget-text-editor.elementor-drop-cap-view-framed .elementor-drop-cap{color:#69727d;border:3px solid;background-color:transparent}.elementor-widget-text-editor:not(.elementor-drop-cap-view-default) .elementor-drop-cap{margin-top:8px}.elementor-widget-text-editor:not(.elementor-drop-cap-view-default) .elementor-drop-cap-letter{width:1em;height:1em}.elementor-widget-text-editor .elementor-drop-cap{float:left;text-align:center;line-height:1;font-size:50px}.elementor-widget-text-editor .elementor-drop-cap-letter{display:inline-block}<\/style>\t\t\t\t<p>Na Empresa Bonanza, somos especialistas em solu\u00e7\u00f5es de engenharia e obras de pavimenta\u00e7\u00e3o com paver. Com anos de experi\u00eancia no mercado, nos dedicamos a transformar ambientes urbanos e rurais, oferecendo servi\u00e7os de alta qualidade que combinam durabilidade, est\u00e9tica e sustentabilidade.<\/p>\t\t\t\t\t\t<\/div>\n\t\t\t\t<\/div>\n\t\t\t\t\t<\/div>\n\t\t<\/div>\n\t\t\t\t\t\t\t<\/div>\n\t\t<\/section>\n\t\t\t\t<section class=\"elementor-section elementor-top-section elementor-element elementor-element-d6e98a9 elementor-section-full_width elementor-section-height-default elementor-section-height-default wpr-particle-no wpr-jarallax-no wpr-parallax-no wpr-sticky-section-no\" data-id=\"d6e98a9\" data-element_type=\"section\">\n\t\t\t\t\t\t<div class=\"elementor-container elementor-column-gap-default\">\n\t\t\t\t\t<div class=\"elementor-column elementor-col-100 elementor-top-column elementor-element elementor-element-d7c1a5e\" data-id=\"d7c1a5e\" data-element_type=\"column\">\n\t\t\t<div class=\"elementor-widget-wrap elementor-element-populated\">\n\t\t\t\t\t\t\t\t<div class=\"elementor-element elementor-element-14c3ab2 elementor-widget-laptop__width-initial elementor-cta--skin-classic elementor-animated-content elementor-bg-transform elementor-bg-transform-zoom-in elementor-widget elementor-widget-call-to-action\" data-id=\"14c3ab2\" data-element_type=\"widget\" data-widget_type=\"call-to-action.default\">\n\t\t\t\t<div class=\"elementor-widget-container\">\n\t\t\t<link rel=\"stylesheet\" href=\"https:\/\/bonanzams.com.br\/wp-content\/uploads\/elementor\/css\/custom-pro-widget-call-to-action.min.css?ver=1721414488\">\t\t<div class=\"elementor-cta\">\n\t\t\t\t\t<div class=\"elementor-cta__bg-wrapper\">\n\t\t\t\t<div class=\"elementor-cta__bg elementor-bg\" style=\"background-image: url(https:\/\/bonanzams.com.br\/wp-content\/uploads\/2023\/10\/Pic-41.jpg);\" role=\"img\" aria-label=\"Pic-41\"><\/div>\n\t\t\t\t<div class=\"elementor-cta__bg-overlay\"><\/div>\n\t\t\t<\/div>\n\t\t\t\t\t\t\t<div class=\"elementor-cta__content\">\n\t\t\t\t\n\t\t\t\t<h2 class=\"elementor-cta__title elementor-cta__content-item elementor-content-item\">Miss\u00e3o<\/h2>\n\t\t\t\t\t\t\t\t\t<div class=\"elementor-cta__description elementor-cta__content-item elementor-content-item\">\n\t\t\t\t\t\tNossa miss\u00e3o na Empresa Bonanza \u00e9 fornecer solu\u00e7\u00f5es de engenharia e pavimenta\u00e7\u00e3o que superem as expectativas dos nossos clientes, combinando inova\u00e7\u00e3o, qualidade e sustentabilidade. <br><i>\"Transformando espa\u00e7os, construindo o futuro.\"<\/i>\t\t\t\t\t<\/div>\n\t\t\t\t\n\t\t\t\t\t\t\t<\/div>\n\t\t\t\t\t\t<\/div>\n\t\t\t\t<\/div>\n\t\t\t\t<\/div>\n\t\t\t\t<div class=\"elementor-element elementor-element-347f7fb elementor-widget-laptop__width-initial elementor-cta--skin-classic elementor-animated-content elementor-bg-transform elementor-bg-transform-zoom-in elementor-widget elementor-widget-call-to-action\" data-id=\"347f7fb\" data-element_type=\"widget\" data-widget_type=\"call-to-action.default\">\n\t\t\t\t<div class=\"elementor-widget-container\">\n\t\t\t\t\t<div class=\"elementor-cta\">\n\t\t\t\t\t<div class=\"elementor-cta__bg-wrapper\">\n\t\t\t\t<div class=\"elementor-cta__bg elementor-bg\" style=\"background-image: url(https:\/\/bonanzams.com.br\/wp-content\/uploads\/2024\/06\/solis-obra-1-1024x427.jpg);\" role=\"img\" aria-label=\"solis-obra-1\"><\/div>\n\t\t\t\t<div class=\"elementor-cta__bg-overlay\"><\/div>\n\t\t\t<\/div>\n\t\t\t\t\t\t\t<div class=\"elementor-cta__content\">\n\t\t\t\t\n\t\t\t\t<h2 class=\"elementor-cta__title elementor-cta__content-item elementor-content-item\">Valores<\/h2>\n\t\t\t\t\t\t\t\t\t<div class=\"elementor-cta__description elementor-cta__content-item elementor-content-item\">\n\t\t\t\t\t\t<b>Excel\u00eancia<\/b>: Compromisso com a qualidade e a perfei\u00e7\u00e3o em cada projeto.\n<b>Inova\u00e7\u00e3o<\/b>: Busca cont\u00ednua por novas t\u00e9cnicas e tecnologias que possam melhorar nossos servi\u00e7os e resultados.\n<b>Sustentabilidade<\/b>: Implementa\u00e7\u00e3o de pr\u00e1ticas que minimizem o impacto ambiental.\n<b>Transpar\u00eancia<\/b>: Rela\u00e7\u00f5es abertas e honestas com nossos clientes, fornecedores e colaboradores.\n<b>Seguran\u00e7a<\/b>: Prioridade absoluta na seguran\u00e7a de nossos colaboradores e da comunidade onde atuamos.\t\t\t\t\t<\/div>\n\t\t\t\t\n\t\t\t\t\t\t\t<\/div>\n\t\t\t\t\t\t<\/div>\n\t\t\t\t<\/div>\n\t\t\t\t<\/div>\n\t\t\t\t<div class=\"elementor-element elementor-element-5abb0ac elementor-widget-laptop__width-initial elementor-cta--skin-classic elementor-animated-content elementor-bg-transform elementor-bg-transform-zoom-in elementor-widget elementor-widget-call-to-action\" data-id=\"5abb0ac\" data-element_type=\"widget\" data-widget_type=\"call-to-action.default\">\n\t\t\t\t<div class=\"elementor-widget-container\">\n\t\t\t\t\t<div class=\"elementor-cta\">\n\t\t\t\t\t<div class=\"elementor-cta__bg-wrapper\">\n\t\t\t\t<div class=\"elementor-cta__bg elementor-bg\" style=\"background-image: url(https:\/\/bonanzams.com.br\/wp-content\/uploads\/2024\/06\/depositphotos_75802355-stock-photo-engineer-man-standing-with-white.webp);\" role=\"img\" aria-label=\"depositphotos_75802355-stock-photo-engineer-man-standing-with-white\"><\/div>\n\t\t\t\t<div class=\"elementor-cta__bg-overlay\"><\/div>\n\t\t\t<\/div>\n\t\t\t\t\t\t\t<div class=\"elementor-cta__content\">\n\t\t\t\t\n\t\t\t\t<h2 class=\"elementor-cta__title elementor-cta__content-item elementor-content-item\">Vis\u00e3o<\/h2>\n\t\t\t\t\t\t\t\t\t<div class=\"elementor-cta__description elementor-cta__content-item elementor-content-item\">\n\t\t\t\t\t\tSer reconhecida como a empresa l\u00edder em solu\u00e7\u00f5es de engenharia e pavimenta\u00e7\u00e3o com paver no mercado nacional, destacando-se pela excel\u00eancia, inova\u00e7\u00e3o e compromisso com a sustentabilidade. Almejamos ser a primeira escolha dos clientes que buscam qualidade, confiabilidade e um parceiro estrat\u00e9gico para seus projetos de infraestrutura.\t\t\t\t\t<\/div>\n\t\t\t\t\n\t\t\t\t\t\t\t<\/div>\n\t\t\t\t\t\t<\/div>\n\t\t\t\t<\/div>\n\t\t\t\t<\/div>\n\t\t\t\t\t<\/div>\n\t\t<\/div>\n\t\t\t\t\t\t\t<\/div>\n\t\t<\/section>\n\t\t\t\t<section class=\"elementor-section elementor-top-section elementor-element elementor-element-0b455c0 elementor-section-boxed elementor-section-height-default elementor-section-height-default wpr-particle-no wpr-jarallax-no wpr-parallax-no wpr-sticky-section-no\" data-id=\"0b455c0\" data-element_type=\"section\">\n\t\t\t\t\t\t<div class=\"elementor-container elementor-column-gap-default\">\n\t\t\t\t\t<div class=\"elementor-column elementor-col-50 elementor-top-column elementor-element elementor-element-c3d7072 elementor-invisible\" data-id=\"c3d7072\" data-element_type=\"column\" data-settings=\"{&quot;animation&quot;:&quot;slideInLeft&quot;}\">\n\t\t\t<div class=\"elementor-widget-wrap elementor-element-populated\">\n\t\t\t\t\t\t\t\t<div class=\"elementor-element elementor-element-45a57b1 elementor-widget elementor-widget-heading\" data-id=\"45a57b1\" data-element_type=\"widget\" data-widget_type=\"heading.default\">\n\t\t\t\t<div class=\"elementor-widget-container\">\n\t\t\t<h2 class=\"elementor-heading-title elementor-size-default\">Nosso Compromisso<\/h2>\t\t<\/div>\n\t\t\t\t<\/div>\n\t\t\t\t<div class=\"elementor-element elementor-element-b145cd5 elementor-widget elementor-widget-text-editor\" data-id=\"b145cd5\" data-element_type=\"widget\" data-widget_type=\"text-editor.default\">\n\t\t\t\t<div class=\"elementor-widget-container\">\n\t\t\t\t\t\t\t<p>Estamos comprometidos com a qualidade e a satisfa\u00e7\u00e3o do cliente. Utilizamos t\u00e9cnicas modernas e materiais de ponta para garantir que cada obra atenda aos mais altos padr\u00f5es de qualidade e sustentabilidade. Al\u00e9m disso, nos preocupamos com o meio ambiente e buscamos sempre solu\u00e7\u00f5es que minimizem o impacto ambiental.<\/p>\t\t\t\t\t\t<\/div>\n\t\t\t\t<\/div>\n\t\t\t\t<div class=\"elementor-element elementor-element-4e8dec8 elementor-widget-laptop__width-initial elementor-widget elementor-widget-image\" data-id=\"4e8dec8\" data-element_type=\"widget\" data-widget_type=\"image.default\">\n\t\t\t\t<div class=\"elementor-widget-container\">\n\t\t\t<style>\/*! elementor - v3.13.2 - 11-05-2023 *\/\n.elementor-widget-image{text-align:center}.elementor-widget-image a{display:inline-block}.elementor-widget-image a img[src$=\".svg\"]{width:48px}.elementor-widget-image img{vertical-align:middle;display:inline-block}<\/style>\t\t\t\t\t\t\t\t\t\t\t\t<img loading=\"lazy\" decoding=\"async\" width=\"150\" height=\"150\" src=\"https:\/\/bonanzams.com.br\/wp-content\/uploads\/2023\/09\/LOGOMARCA2-150x150.jpg\" class=\"attachment-thumbnail size-thumbnail wp-image-2235\" alt=\"\" \/>\t\t\t\t\t\t\t\t\t\t\t\t\t\t\t<\/div>\n\t\t\t\t<\/div>\n\t\t\t\t\t<\/div>\n\t\t<\/div>\n\t\t\t\t<div class=\"elementor-column elementor-col-50 elementor-top-column elementor-element elementor-element-e0672eb elementor-hidden-tablet elementor-hidden-mobile elementor-invisible\" data-id=\"e0672eb\" data-element_type=\"column\" data-settings=\"{&quot;animation&quot;:&quot;slideInRight&quot;}\">\n\t\t\t<div class=\"elementor-widget-wrap elementor-element-populated\">\n\t\t\t\t\t\t\t\t<div class=\"elementor-element elementor-element-619899b elementor-widget elementor-widget-image\" data-id=\"619899b\" data-element_type=\"widget\" data-widget_type=\"image.default\">\n\t\t\t\t<div class=\"elementor-widget-container\">\n\t\t\t\t\t\t\t\t\t\t\t\t\t\t\t<img loading=\"lazy\" decoding=\"async\" width=\"800\" height=\"1000\" src=\"https:\/\/bonanzams.com.br\/wp-content\/uploads\/2023\/10\/pic-12.jpg\" class=\"attachment-full size-full wp-image-1276\" alt=\"\" srcset=\"https:\/\/bonanzams.com.br\/wp-content\/uploads\/2023\/10\/pic-12.jpg 800w, https:\/\/bonanzams.com.br\/wp-content\/uploads\/2023\/10\/pic-12-240x300.jpg 240w, https:\/\/bonanzams.com.br\/wp-content\/uploads\/2023\/10\/pic-12-768x960.jpg 768w\" sizes=\"auto, (max-width: 800px) 100vw, 800px\" \/>\t\t\t\t\t\t\t\t\t\t\t\t\t\t\t<\/div>\n\t\t\t\t<\/div>\n\t\t\t\t\t<\/div>\n\t\t<\/div>\n\t\t\t\t\t\t\t<\/div>\n\t\t<\/section>\n\t\t\t\t\t\t\t<\/div>\n\t\t","protected":false},"excerpt":{"rendered":"<p>Sobre n\u00f3s Na Empresa Bonanza, somos especialistas em solu\u00e7\u00f5es de engenharia e obras de pavimenta\u00e7\u00e3o com paver. Com anos de experi\u00eancia no mercado, nos dedicamos a transformar ambientes urbanos e rurais, oferecendo servi\u00e7os de alta qualidade que combinam durabilidade, est\u00e9tica e sustentabilidade. Miss\u00e3o Nossa miss\u00e3o na Empresa Bonanza \u00e9 fornecer solu\u00e7\u00f5es de engenharia e pavimenta\u00e7\u00e3o que superem as expectativas dos nossos clientes, combinando inova\u00e7\u00e3o, qualidade e sustentabilidade. &#8220;Transformando espa\u00e7os, construindo o futuro.&#8221; Valores Excel\u00eancia: Compromisso com a qualidade e a perfei\u00e7\u00e3o em cada projeto. Inova\u00e7\u00e3o: Busca cont\u00ednua por novas t\u00e9cnicas e tecnologias que possam melhorar nossos servi\u00e7os e resultados. Sustentabilidade: Implementa\u00e7\u00e3o de pr\u00e1ticas que minimizem o impacto ambiental. Transpar\u00eancia: Rela\u00e7\u00f5es abertas e honestas com nossos clientes, fornecedores e colaboradores. Seguran\u00e7a: Prioridade absoluta na seguran\u00e7a de nossos colaboradores e da comunidade onde atuamos. Vis\u00e3o Ser reconhecida como a empresa l\u00edder em solu\u00e7\u00f5es de engenharia e pavimenta\u00e7\u00e3o com paver no mercado nacional, destacando-se pela excel\u00eancia, inova\u00e7\u00e3o e compromisso com a sustentabilidade. Almejamos ser a primeira escolha dos clientes que buscam qualidade, confiabilidade e um parceiro estrat\u00e9gico para seus projetos de infraestrutura. Nosso Compromisso Estamos comprometidos com a qualidade e a satisfa\u00e7\u00e3o do cliente. Utilizamos t\u00e9cnicas modernas e materiais de ponta para garantir que cada obra atenda aos mais altos padr\u00f5es de qualidade e sustentabilidade. Al\u00e9m disso, nos preocupamos com o meio ambiente e buscamos sempre solu\u00e7\u00f5es que minimizem o impacto ambiental.<\/p>\n","protected":false},"author":1,"featured_media":0,"parent":0,"menu_order":0,"comment_status":"closed","ping_status":"closed","template":"elementor_canvas","meta":{"_joinchat":[],"footnotes":""},"class_list":["post-2103","page","type-page","status-publish","hentry"],"_links":{"self":[{"href":"https:\/\/bonanzams.com.br\/index.php\/wp-json\/wp\/v2\/pages\/2103","targetHints":{"allow":["GET"]}}],"collection":[{"href":"https:\/\/bonanzams.com.br\/index.php\/wp-json\/wp\/v2\/pages"}],"about":[{"href":"https:\/\/bonanzams.com.br\/index.php\/wp-json\/wp\/v2\/types\/page"}],"author":[{"embeddable":true,"href":"https:\/\/bonanzams.com.br\/index.php\/wp-json\/wp\/v2\/users\/1"}],"replies":[{"embeddable":true,"href":"https:\/\/bonanzams.com.br\/index.php\/wp-json\/wp\/v2\/comments?post=2103"}],"version-history":[{"count":7,"href":"https:\/\/bonanzams.com.br\/index.php\/wp-json\/wp\/v2\/pages\/2103\/revisions"}],"predecessor-version":[{"id":2298,"href":"https:\/\/bonanzams.com.br\/index.php\/wp-json\/wp\/v2\/pages\/2103\/revisions\/2298"}],"wp:attachment":[{"href":"https:\/\/bonanzams.com.br\/index.php\/wp-json\/wp\/v2\/media?parent=2103"}],"curies":[{"name":"wp","href":"https:\/\/api.w.org\/{rel}","templated":true}]}}